{"id":2131,"date":"2020-12-21T08:37:38","date_gmt":"2020-12-21T08:37:38","guid":{"rendered":"https:\/\/wordpress-486734-1655966.cloudwaysapps.com\/?page_id=2131"},"modified":"2023-10-06T13:58:55","modified_gmt":"2023-10-06T13:58:55","slug":"contact","status":"publish","type":"page","link":"https:\/\/www.hedvabnysvet.cz\/?page_id=2131","title":{"rendered":"Kontakt"},"content":{"rendered":"<style>.kb-row-layout-wrap.wp-block-kadence-rowlayout.kb-row-layout-id_55b516-36{margin-top:0px;margin-bottom:0px;}.kb-row-layout-id_55b516-36 > .kt-row-column-wrap{align-content:start;}:where(.kb-row-layout-id_55b516-36 > .kt-row-column-wrap) > .wp-block-kadence-column{justify-content:start;}.kb-row-layout-id_55b516-36 > .kt-row-column-wrap{column-gap:var(--global-kb-gap-none, 0 );row-gap:var(--global-kb-gap-md, 2rem);max-width:1140px;margin-left:auto;margin-right:auto;padding-top:160px;padding-right:10px;padding-bottom:30px;padding-left:9px;grid-template-columns:repeat(2, minmax(0, 1fr));}.kb-row-layout-id_55b516-36{background-color:#000000;background-image:url('http:\/\/www.hedvabnysvet.cz\/wp-content\/uploads\/2023\/06\/na-web-1500x500-podklad.jpg');background-size:cover;background-position:center center;background-attachment:scroll;background-repeat:no-repeat;}.kb-row-layout-id_55b516-36 > .kt-row-layout-overlay{opacity:0.00;background-color:var(--global-palette2, #2B6CB0);}@media all and (max-width: 1024px){.kb-row-layout-id_55b516-36 > .kt-row-column-wrap{padding-top:120px;padding-right:120px;padding-bottom:60px;padding-left:60px;grid-template-columns:repeat(2, minmax(0, 1fr));}}@media all and (max-width: 767px){.kb-row-layout-id_55b516-36 > .kt-row-column-wrap{padding-top:120px;padding-right:20px;padding-bottom:30px;padding-left:20px;grid-template-columns:minmax(0, 1fr);}}<\/style><div class=\"kb-row-layout-wrap kb-row-layout-id_55b516-36 alignnone kt-row-has-bg wp-block-kadence-rowlayout\"><div class=\"kt-row-layout-overlay kt-row-overlay-normal\"><\/div><div class=\"kt-row-column-wrap kt-has-2-columns kt-row-layout-equal kt-tab-layout-inherit kt-mobile-layout-row kt-row-valign-top\">\n<style>.kadence-column_d3f568-39 > .kt-inside-inner-col,.kadence-column_d3f568-39 > .kt-inside-inner-col:before{border-top-left-radius:0px;border-top-right-radius:0px;border-bottom-right-radius:0px;border-bottom-left-radius:0px;}.kadence-column_d3f568-39 > .kt-inside-inner-col:before{opacity:0.3;}.kadence-column_d3f568-39{position:relative;}<\/style>\n<div class=\"wp-block-kadence-column kadence-column_d3f568-39 inner-column-1\"><div class=\"kt-inside-inner-col\"><style>.wp-block-kadence-advancedheading.kt-adv-heading_40addf-91, .wp-block-kadence-advancedheading.kt-adv-heading_40addf-91[data-kb-block=\"kb-adv-heading_40addf-91\"]{font-size:50px;line-height:50px;font-weight:700;font-style:normal;letter-spacing:-2px;color:#ffffff;}.wp-block-kadence-advancedheading.kt-adv-heading_40addf-91 mark, .wp-block-kadence-advancedheading.kt-adv-heading_40addf-91[data-kb-block=\"kb-adv-heading_40addf-91\"] mark{font-style:normal;color:#f76a0c;padding-top:0px;padding-right:0px;padding-bottom:0px;padding-left:0px;}@media all and (max-width: 1024px){.wp-block-kadence-advancedheading.kt-adv-heading_40addf-91, .wp-block-kadence-advancedheading.kt-adv-heading_40addf-91[data-kb-block=\"kb-adv-heading_40addf-91\"]{font-size:60px;}}@media all and (max-width: 767px){.wp-block-kadence-advancedheading.kt-adv-heading_40addf-91, .wp-block-kadence-advancedheading.kt-adv-heading_40addf-91[data-kb-block=\"kb-adv-heading_40addf-91\"]{font-size:45px;}}<\/style>\n<h1 class=\"kt-adv-heading_40addf-91 wp-block-kadence-advancedheading\" data-kb-block=\"kb-adv-heading_40addf-91\"><\/h1>\n<\/div><\/div>\n\n\n<style>.kadence-column_60d867-a6 > .kt-inside-inner-col,.kadence-column_60d867-a6 > .kt-inside-inner-col:before{border-top-left-radius:0px;border-top-right-radius:0px;border-bottom-right-radius:0px;border-bottom-left-radius:0px;}.kadence-column_60d867-a6 > .kt-inside-inner-col:before{opacity:0.3;}.kadence-column_60d867-a6{position:relative;}<\/style>\n<div class=\"wp-block-kadence-column kadence-column_60d867-a6 inner-column-2\"><div class=\"kt-inside-inner-col\"><\/div><\/div>\n\n<\/div><\/div>\n\n<style>.kb-row-layout-wrap.wp-block-kadence-rowlayout.kb-row-layout-id_4fd2df-86{margin-top:0px;}.kb-row-layout-id_4fd2df-86 > .kt-row-column-wrap{align-content:start;}:where(.kb-row-layout-id_4fd2df-86 > .kt-row-column-wrap) > .wp-block-kadence-column{justify-content:start;}.kb-row-layout-id_4fd2df-86 > .kt-row-column-wrap{column-gap:var(--global-kb-gap-none, 0 );row-gap:var(--global-kb-gap-md, 2rem);max-width:var( --global-content-width, 1197px );padding-left:var(--global-content-edge-padding);padding-right:var(--global-content-edge-padding);padding-top:var(--global-kb-spacing-xxl, 5rem);padding-bottom:var(--global-kb-spacing-xxl, 5rem);grid-template-columns:minmax(0, 80%) minmax(0, 20%);}.kb-row-layout-id_4fd2df-86{background-color:#f1e9d6;}.kb-row-layout-id_4fd2df-86 > .kt-row-layout-overlay{opacity:0.00;background-color:var(--global-palette1, #3182CE);}@media all and (max-width: 1024px){.kb-row-layout-id_4fd2df-86 > .kt-row-column-wrap{grid-template-columns:repeat(2, minmax(0, 1fr));}}@media all and (max-width: 767px){.kb-row-layout-id_4fd2df-86 > .kt-row-column-wrap{grid-template-columns:minmax(0, 1fr);}}<\/style><div class=\"kb-row-layout-wrap kb-row-layout-id_4fd2df-86 alignnone kt-row-has-bg wp-block-kadence-rowlayout\"><div class=\"kt-row-layout-overlay kt-row-overlay-normal\"><\/div><div class=\"kt-row-column-wrap kt-has-2-columns kt-row-layout-left-golden kt-tab-layout-inherit kt-mobile-layout-row kt-row-valign-top kb-theme-content-width\">\n<style>.kadence-column_38ee82-d6 > .kt-inside-inner-col{padding-top:var(--global-kb-spacing-xl, 4rem);padding-right:var(--global-kb-spacing-xxl, 5rem);padding-bottom:var(--global-kb-spacing-xl, 4rem);padding-left:var(--global-kb-spacing-xxl, 5rem);}.kadence-column_38ee82-d6 > .kt-inside-inner-col,.kadence-column_38ee82-d6 > .kt-inside-inner-col:before{border-top-left-radius:0px;border-top-right-radius:0px;border-bottom-right-radius:0px;border-bottom-left-radius:0px;}.kadence-column_38ee82-d6 > .kt-inside-inner-col{background-color:var(--global-palette9, #ffffff);}.kadence-column_38ee82-d6 > .kt-inside-inner-col:before{opacity:0.3;}.kadence-column_38ee82-d6{position:relative;}@media all and (max-width: 767px){.kadence-column_38ee82-d6 > .kt-inside-inner-col{padding-top:20px;padding-right:20px;padding-bottom:20px;padding-left:20px;}}<\/style>\n<div class=\"wp-block-kadence-column kadence-column_38ee82-d6\"><div class=\"kt-inside-inner-col\">\n<h3 class=\"wp-block-heading has-theme-palette-3-color has-text-color\" style=\"font-size:24px;font-style:normal;font-weight:500\">Chcete nab\u00edzet ve sv\u00e9 provozovn\u011b kvalitn\u00ed v\u00fdrobky z hedv\u00e1b\u00ed?<\/h3>\n\n\n\n<h3 class=\"wp-block-heading alignwide has-text-align-left has--font-size has-theme-palette-3-color has-text-color\" style=\"font-size:24px;font-style:normal;font-weight:500\">Pot\u0159ebujete navrhnout \/ vyrobit firemn\u00ed \u0161\u00e1tky, pol\u0161t\u00e1\u0159e, d\u00e1rky pro zam\u011bstnance, obchodn\u00ed partnery \u010di n\u011bco jin\u00e9ho?<\/h3>\n\n\n\n<h3 class=\"wp-block-heading has--font-size has-theme-palette-3-color has-text-color\" style=\"font-size:24px;font-style:normal;font-weight:500\">Sh\u00e1n\u00edte hedv\u00e1bn\u00e9 povle\u010den\u00ed, prost\u011bradla \u010di hedv\u00e1bn\u00e9 sady na m\u00edru?<\/h3>\n\n\n\n<h3 class=\"wp-block-heading has--font-size has-theme-palette-3-color has-text-color\" style=\"font-size:24px;font-style:normal;font-weight:500\">R\u00e1di pom\u016f\u017eeme.<\/h3>\n<\/div><\/div>\n\n\n<style>.kadence-column_6698ea-5e > .kt-inside-inner-col,.kadence-column_6698ea-5e > .kt-inside-inner-col:before{border-top-left-radius:0px;border-top-right-radius:0px;border-bottom-right-radius:0px;border-bottom-left-radius:0px;}.kadence-column_6698ea-5e > .kt-inside-inner-col:before{opacity:0.3;}.kadence-column_6698ea-5e{position:relative;}<\/style>\n<div class=\"wp-block-kadence-column kadence-column_6698ea-5e\"><div class=\"kt-inside-inner-col\"><\/div><\/div>\n\n<\/div><\/div>\n\n<style>.kb-row-layout-wrap.wp-block-kadence-rowlayout.kb-row-layout-id_b9f2ee-07{margin-top:0px;margin-bottom:100px;}.kb-row-layout-id_b9f2ee-07 > .kt-row-column-wrap{align-content:start;}:where(.kb-row-layout-id_b9f2ee-07 > .kt-row-column-wrap) > .wp-block-kadence-column{justify-content:start;}.kb-row-layout-id_b9f2ee-07 > .kt-row-column-wrap{column-gap:var(--global-kb-gap-none, 0 );row-gap:var(--global-kb-gap-md, 2rem);max-width:1140px;margin-left:auto;margin-right:auto;padding-top:82px;padding-right:0px;padding-bottom:0px;padding-left:0px;grid-template-columns:minmax(0, 1fr);}.kb-row-layout-id_b9f2ee-07 > .kt-row-layout-overlay{opacity:0.30;}@media all and (max-width: 1024px){.kb-row-layout-id_b9f2ee-07 > .kt-row-column-wrap{padding-top:60px;padding-right:30px;padding-bottom:0px;padding-left:30px;grid-template-columns:minmax(0, 1fr);}}@media all and (max-width: 767px){.kb-row-layout-id_b9f2ee-07 > .kt-row-column-wrap{grid-template-columns:minmax(0, 1fr);}}<\/style><div class=\"kb-row-layout-wrap kb-row-layout-id_b9f2ee-07 alignnone wp-block-kadence-rowlayout\"><div class=\"kt-row-column-wrap kt-has-1-columns kt-row-layout-equal kt-tab-layout-inherit kt-mobile-layout-row kt-row-valign-top\">\n<style>.kadence-column_410217-a8, .kt-inside-inner-col > .kadence-column_410217-a8:not(.specificity){margin-top:0px;margin-right:0px;margin-bottom:0px;margin-left:0px;}.kadence-column_410217-a8 > .kt-inside-inner-col{padding-top:0px;padding-right:60px;padding-bottom:0px;padding-left:8px;}.kadence-column_410217-a8 > .kt-inside-inner-col,.kadence-column_410217-a8 > .kt-inside-inner-col:before{border-top-left-radius:0px;border-top-right-radius:0px;border-bottom-right-radius:0px;border-bottom-left-radius:0px;}.kadence-column_410217-a8 > .kt-inside-inner-col:before{opacity:0.3;}.kadence-column_410217-a8{position:relative;}<\/style>\n<div class=\"wp-block-kadence-column kadence-column_410217-a8 kb-section-dir-vertical kb-section-sm-dir-vertical inner-column-1\"><div class=\"kt-inside-inner-col\"><style>.wp-block-kadence-advancedheading.kt-adv-heading_91bd74-56, .wp-block-kadence-advancedheading.kt-adv-heading_91bd74-56[data-kb-block=\"kb-adv-heading_91bd74-56\"]{margin-top:0px;margin-bottom:20px;font-weight:700;font-style:normal;}.wp-block-kadence-advancedheading.kt-adv-heading_91bd74-56 mark, .wp-block-kadence-advancedheading.kt-adv-heading_91bd74-56[data-kb-block=\"kb-adv-heading_91bd74-56\"] mark{font-style:normal;color:#f76a0c;padding-top:0px;padding-right:0px;padding-bottom:0px;padding-left:0px;}<\/style>\n<p class=\"kt-adv-heading_91bd74-56 wp-block-kadence-advancedheading\" data-kb-block=\"kb-adv-heading_91bd74-56\">Chcete se n\u00e1s na n\u011bco zeptat nebo poslat nez\u00e1vaznou popt\u00e1vku?<\/p>\n\n\n<style>.kadence-form-_00115f-57 .kb-form .kadence-blocks-form-field{padding-right:15px;padding-left:15px;}.kadence-form-_00115f-57 .kb-form{margin-right:-15px;margin-left:-15px;}.kadence-form-_00115f-57 .kb-form .kadence-blocks-form-field .kb-text-style-field, .kadence-form-_00115f-57 .kb-form .kadence-blocks-form-field .kb-select-style-field{color:var(--global-palette4, #2D3748);line-height:1em;border-width:1px 1px 1px 1px;background:var(--global-palette9, #ffffff);border-color:rgba(113, 128, 150, 0.4);}.kadence-form-_00115f-57 .kb-form .kadence-blocks-form-field .kb-text-style-field:focus, .kadence-form-_00115f-57 .kb-form .kadence-blocks-form-field .kb-select-style-field:focus{color:var(--global-palette3, #1A202C);background:var(--global-palette9, #ffffff);}.kadence-form-_00115f-57 .kb-form .kadence-blocks-form-field > label{font-weight:bold;}.kadence-form-_00115f-57 .kb-form .kadence-blocks-form-field .kb-forms-submit{padding-top:4px;padding-right:16px;padding-bottom:4px;padding-left:16px;}<\/style>\n<div class=\"wp-block-kadence-form kadence-form-_00115f-57 kb-form-wrap\"><form class=\"kb-form\" action=\"\" method=\"post\"><div class=\"kadence-blocks-form-field kb-field-desk-width-50 kb-field-mobile-width-100 kb-input-size-standard\"><label for=\"kb_field__00115f-57_0\">Jm\u00e9no<span class=\"required\">*<\/span><\/label><input name=\"kb_field_0\" id=\"kb_field__00115f-57_0\" data-label=\"Jm\u00e9no\" type=\"text\" placeholder=\"\" value=\"\" data-type=\"text\" class=\"kb-field kb-text-style-field kb-text-field kb-field-0\" data-required=\"yes\"\/><\/div><div class=\"kadence-blocks-form-field kb-form-field-1 kb-field-desk-width-50 kb-field-mobile-width-100 kb-input-size-standard\"><label for=\"kb_field__00115f-57_1\">Telefonn\u00ed \u010d\u00edslo<\/label><input name=\"kb_field_1\" id=\"kb_field__00115f-57_1\" data-label=\"Telefonn\u00ed \u010d\u00edslo\" type=\"text\" placeholder=\"\" value=\"\" data-type=\"text\" class=\"kb-field kb-text-style-field kb-text-field kb-field-1\"\/><\/div><div class=\"kadence-blocks-form-field kb-form-field-2 kb-field-desk-width-50 kb-field-mobile-width-100 kb-input-size-standard\"><label for=\"kb_field__00115f-57_2\">Email<span class=\"required\">*<\/span><\/label><input name=\"kb_field_2\" id=\"kb_field__00115f-57_2\" data-label=\"Email\" type=\"email\" placeholder=\"\" value=\"\" data-type=\"email\" class=\"kb-field kb-text-style-field kb-email-field kb-field-2\" data-required=\"yes\"\/><\/div><div class=\"kadence-blocks-form-field kb-form-field-3 kb-field-desk-width-50 kb-field-mobile-width-100 kb-input-size-standard\"><label for=\"kb_field__00115f-57_3\">Firma<\/label><input name=\"kb_field_3\" id=\"kb_field__00115f-57_3\" data-label=\"Firma\" type=\"text\" placeholder=\"\" value=\"\" data-type=\"text\" class=\"kb-field kb-text-style-field kb-text-field kb-field-3\"\/><\/div><div class=\"kadence-blocks-form-field kb-form-field-4 kb-field-desk-width-100 kb-input-size-standard\"><label for=\"kb_field__00115f-57_4\">Zpr\u00e1va<span class=\"required\">*<\/span><\/label><textarea name=\"kb_field_4\" id=\"kb_field__00115f-57_4\" data-label=\"Zpr\u00e1va\" type=\"textarea\" placeholder=\"\" data-type=\"textarea\" class=\"kb-field kb-text-style-field kb-textarea-field kb-field-4\" rows=\"4\" data-required=\"yes\"><\/textarea><\/div><input type=\"hidden\" name=\"_kb_form_id\" value=\"_00115f-57\"\/><input type=\"hidden\" name=\"_kb_form_post_id\" value=\"2131\"\/><input type=\"hidden\" name=\"action\" value=\"kb_process_ajax_submit\"\/><input class=\"kadence-blocks-field verify\" type=\"text\" name=\"_kb_verify_email\" autocomplete=\"new-password\" aria-hidden=\"true\" placeholder=\"Email\" tabindex=\"-1\" data-1p-ignore=\"true\" data-lpignore=\"true\" \/><div class=\"kadence-blocks-form-field kb-submit-field kb-field-desk-width-100\"><button class=\"kb-forms-submit button kb-button-size-custom kb-button-width-auto\">Odeslat<\/button><\/div><\/form><\/div>\n<noscript><div class=\"kadence-blocks-form-message kadence-blocks-form-warning\">Please enable JavaScript in your browser to submit the form<\/div><style>.kadence-form-_00115f-57 .kadence-blocks-form-field.kb-submit-field { display: none; }<\/style><\/noscript><\/div><\/div>\n\n<\/div><\/div>","protected":false},"excerpt":{"rendered":"<p>Chcete nab\u00edzet ve sv\u00e9 provozovn\u011b kvalitn\u00ed v\u00fdrobky z hedv\u00e1b\u00ed? Pot\u0159ebujete navrhnout \/ vyrobit firemn\u00ed \u0161\u00e1tky, pol\u0161t\u00e1\u0159e, d\u00e1rky pro zam\u011bstnance, obchodn\u00ed partnery \u010di n\u011bco jin\u00e9ho? Sh\u00e1n\u00edte hedv\u00e1bn\u00e9 povle\u010den\u00ed, prost\u011bradla \u010di hedv\u00e1bn\u00e9 sady na m\u00edru? R\u00e1di pom\u016f\u017eeme. Chcete se n\u00e1s na n\u011bco zeptat nebo poslat nez\u00e1vaznou popt\u00e1vku?<\/p>\n","protected":false},"author":1,"featured_media":2697,"parent":0,"menu_order":0,"comment_status":"closed","ping_status":"closed","template":"","meta":{"_kad_post_transparent":"","_kad_post_title":"hide","_kad_post_layout":"fullwidth","_kad_post_sidebar_id":"","_kad_post_content_style":"unboxed","_kad_post_vertical_padding":"hide","_kad_post_feature":"hide","_kad_post_feature_position":"","_kad_post_header":false,"_kad_post_footer":false,"footnotes":""},"class_list":["post-2131","page","type-page","status-publish","has-post-thumbnail","hentry"],"_links":{"self":[{"href":"https:\/\/www.hedvabnysvet.cz\/index.php?rest_route=\/wp\/v2\/pages\/2131","targetHints":{"allow":["GET"]}}],"collection":[{"href":"https:\/\/www.hedvabnysvet.cz\/index.php?rest_route=\/wp\/v2\/pages"}],"about":[{"href":"https:\/\/www.hedvabnysvet.cz\/index.php?rest_route=\/wp\/v2\/types\/page"}],"author":[{"embeddable":true,"href":"https:\/\/www.hedvabnysvet.cz\/index.php?rest_route=\/wp\/v2\/users\/1"}],"replies":[{"embeddable":true,"href":"https:\/\/www.hedvabnysvet.cz\/index.php?rest_route=%2Fwp%2Fv2%2Fcomments&post=2131"}],"version-history":[{"count":82,"href":"https:\/\/www.hedvabnysvet.cz\/index.php?rest_route=\/wp\/v2\/pages\/2131\/revisions"}],"predecessor-version":[{"id":3391,"href":"https:\/\/www.hedvabnysvet.cz\/index.php?rest_route=\/wp\/v2\/pages\/2131\/revisions\/3391"}],"wp:featuredmedia":[{"embeddable":true,"href":"https:\/\/www.hedvabnysvet.cz\/index.php?rest_route=\/wp\/v2\/media\/2697"}],"wp:attachment":[{"href":"https:\/\/www.hedvabnysvet.cz\/index.php?rest_route=%2Fwp%2Fv2%2Fmedia&parent=2131"}],"curies":[{"name":"wp","href":"https:\/\/api.w.org\/{rel}","templated":true}]}}